{"id":16,"date":"2026-04-28T13:06:10","date_gmt":"2026-04-28T13:06:10","guid":{"rendered":"http:\/\/maisonderolie.fr\/?page_id=16"},"modified":"2026-04-28T14:34:31","modified_gmt":"2026-04-28T14:34:31","slug":"home","status":"publish","type":"page","link":"https:\/\/maisonderolie.fr\/","title":{"rendered":"Home"},"content":{"rendered":"<div id=\"root\">\n<div data-page-type=\"Homepage\" data-page-slug=\"home\">\n<div class=\"css-112tctb\" data-testid=\"theme-wrapper\" data-template=\"livingstonetwo\">\n<div class=\"layout-viewport\" data-testid=\"Viewport-wrapper\">\n<div class=\"css-jbvua0\" data-testid=\"component-resolver.Header\">\n<header class=\"variant-transparent css-1i011ea\" data-testid=\"header\">\n<div class=\"header-content\">\n<figure class=\"css-1f17kvv\" data-testid=\"logo.image\">\n<div class=\"responsive-image-wrapper logo-image isPlaceholder css-m911x9\" data-testid=\"logo.image-wrapper\">\n<\/div>\n<\/figure>\n<\/div>\n<\/header>\n<\/div>\n<div class=\"css-jbvua0\" data-testid=\"component-resolver.HomeHero\">\n<div class=\"LivingstoneTwo false css-1nmmku2\">\n<article class=\"css-1d0ndmm\" data-testid=\"widgets.hero-widget\">\n<figure class=\"css-1f17kvv\" data-testid=\"widgets.hero-widget.hero-image\">\n<div class=\"responsive-image-wrapper styled-override isPlaceholder css-1e70bbx\" data-testid=\"widgets.hero-widget.hero-image-wrapper\"><img loading=\"lazy\" decoding=\"async\" class=\"image css-m6t9z1\" src=\"https:\/\/l.icdbcdn.com\/oh\/006316bd-82d5-42f2-8b5b-d0c1a915fbc2.jpg?w=2080\" sizes=\"auto, (max-width: 320px) 320px, (max-width: 575px) 575px, (max-width: 768px) 768px, (max-width: 992px) 992px, (max-width: 1200px) 1200px, (max-width: 1920px) 1920px\" srcset=\"https:\/\/l.icdbcdn.com\/oh\/006316bd-82d5-42f2-8b5b-d0c1a915fbc2.jpg?w=320 320w, https:\/\/l.icdbcdn.com\/oh\/006316bd-82d5-42f2-8b5b-d0c1a915fbc2.jpg?w=575 575w, https:\/\/l.icdbcdn.com\/oh\/006316bd-82d5-42f2-8b5b-d0c1a915fbc2.jpg?w=768 768w, https:\/\/l.icdbcdn.com\/oh\/006316bd-82d5-42f2-8b5b-d0c1a915fbc2.jpg?w=992 992w, https:\/\/l.icdbcdn.com\/oh\/006316bd-82d5-42f2-8b5b-d0c1a915fbc2.jpg?w=1200 1200w, https:\/\/l.icdbcdn.com\/oh\/006316bd-82d5-42f2-8b5b-d0c1a915fbc2.jpg?w=1920 1920w\" width=\"1642\" height=\"900\" data-testid=\"widgets.hero-widget.hero-image-img\" \/><\/div>\n<\/figure>\n<style data-emotion=\"css 1anxjj3\">.css-1anxjj3{position:absolute;left:0;width:100%;display:-webkit-box;display:-webkit-flex;display:-ms-flexbox;display:flex;-webkit-box-pack:end;-ms-flex-pack:end;-webkit-justify-content:flex-end;justify-content:flex-end;-webkit-flex-direction:column;-ms-flex-direction:column;flex-direction:column;-webkit-align-items:center;-webkit-box-align:center;-ms-flex-align:center;align-items:center;padding:var(--ldg-component-hero-widget-content-padding);height:var(--ldg-component-hero-widget-content-height);-webkit-transform:translateY(var(--ldg-component-hero-widget-content-translate-y, 0));-moz-transform:translateY(var(--ldg-component-hero-widget-content-translate-y, 0));-ms-transform:translateY(var(--ldg-component-hero-widget-content-translate-y, 0));transform:translateY(var(--ldg-component-hero-widget-content-translate-y, 0));z-index:10;pointer-events:none;}.css-1anxjj3 *{pointer-events:auto;}<\/style>\n<div class=\"css-1anxjj3\">\n<style data-emotion=\"css 1b52r5m\">.css-1b52r5m.styled-override{color:var(--ldg-semantic-color-white);font-size:var(--ldg-component-hero-widget-heading-font-size);padding:0 10%;text-align:center;margin:0 0 1em 0;line-height:1.5;display:-webkit-box;-webkit-line-clamp:4;-webkit-box-orient:vertical;overflow:hidden;}@media (min-width: 601px){.css-1b52r5m.styled-override{font-size:3.42em;margin:var(--ldg-component-hero-widget-heading-margin);}}<\/style>\n<style data-emotion=\"css 1nonx1t\">.css-1nonx1t{font-family:var(--lodgify-ui-heading-font);color:var(--lodgify-ui-heading-color, #333);}.css-1nonx1t.styled-override{color:var(--ldg-semantic-color-white);font-size:var(--ldg-component-hero-widget-heading-font-size);padding:0 10%;text-align:center;margin:0 0 1em 0;line-height:1.5;display:-webkit-box;-webkit-line-clamp:4;-webkit-box-orient:vertical;overflow:hidden;}@media (min-width: 601px){.css-1nonx1t.styled-override{font-size:3.42em;margin:var(--ldg-component-hero-widget-heading-margin);}}<\/style>\n<h1 class=\"styled-override css-1nonx1t\" style=\"text-align: center;\">G\u00eete en Centre Bretagne proche Carhaix &#8211;<\/h1>\n<h1 class=\"styled-override css-1nonx1t\" style=\"text-align: center;\">La Maison de Rolie<\/h1>\n<\/div>\n<\/article>\n<\/div>\n<\/div>\n<div class=\"css-ygvukt\">\n<div id=\"sect12507864\" class=\"css-jv51of\">\n<div class=\"css-jbvua0\" data-testid=\"component-resolver.Html\">\n<div id=\"12507864\" class=\"css-1gtze8t\" data-testid=\"widgets.rich-text\">\n<div class=\"css-1hxy447\" data-testid=\"widgets.rich-text.content\">\n<h1><\/h1>\n<h1><\/h1>\n<h1 style=\"text-align: center;\"><span style=\"color: #ff3300;\">La Maison de Rolie<\/span><\/h1>\n<h2><\/h2>\n<h2 style=\"text-align: center;\"><span style=\"color: #ff3300;\">Un g\u00eete confortable au c\u0153ur de la Bretagne<\/span><\/h2>\n<p style=\"text-align: center;\">Situ\u00e9e dans le centre de la Bretagne, <strong>La Maison de Rolie<\/strong> est un g\u00eete id\u00e9al pour passer des vacances au calme dans un cadre naturel et authentique. La maison se trouve \u00e0 Pl\u00e9vin, \u00e0 proximit\u00e9 de <strong>Carhaix-Plouguer<\/strong>, au c\u0153ur d\u2019une r\u00e9gion r\u00e9put\u00e9e pour ses paysages verdoyants et son patrimoine breton.<\/p>\n<p style=\"text-align: center;\">Ce <strong>g\u00eete en Bretagne<\/strong> peut accueillir jusqu\u2019\u00e0 5 personnes et offre tout le confort n\u00e9cessaire pour un s\u00e9jour agr\u00e9able.<br \/>\nQue vous souhaitiez passer un week-end nature ou des vacances en famille, La Maison de Rolie est un point de d\u00e9part id\u00e9al pour d\u00e9couvrir la Bretagne<\/p>\n<h2 style=\"text-align: center;\"><\/h2>\n<h2 style=\"text-align: center;\"><span style=\"color: #ff3300;\">Pourquoi choisir un g\u00eete en Bretagne ?<\/span><\/h2>\n<p style=\"text-align: center;\">La Bretagne est une destination tr\u00e8s appr\u00e9ci\u00e9e pour ses paysages vari\u00e9s, son patrimoine historique et ses nombreuses activit\u00e9s de plein air.<\/p>\n<p style=\"text-align: center;\">En s\u00e9journant dans un g\u00eete, vous profitez d\u2019une maison ind\u00e9pendante et d\u2019un environnement calme, parfait pour se d\u00e9tendre er\u00a0d\u00e9couvrir la r\u00e9gion.<\/p>\n<p style=\"text-align: center;\">Depuis le g\u00eete, vous pourrez facilement explorer plusieurs sites incontournables :<strong><br \/>\n<\/strong><\/p>\n<p style=\"text-align: center;\"><strong>Vall\u00e9e des Saints<\/strong>, c\u00e9l\u00e8bre pour ses statues monumentales<br \/>\n<strong>For\u00eat de Huelgoat<\/strong>, connue pour ses paysages l\u00e9gendaires et ses rochers myst\u00e9rieux<br \/>\n<strong>Lac de Guerl\u00e9dan<\/strong>, le plus grand lac de Bretagne<br \/>\nle <strong>Canal de Nantes \u00e0 Brest<\/strong>, id\u00e9al pour les balades \u00e0 pied ou \u00e0 v\u00e9lo<br \/>\nLa r\u00e9gion est \u00e9galement parfaite pour les amateurs de randonn\u00e9e, de v\u00e9lo et de nature.<\/p>\n<h2 style=\"text-align: center;\"><span style=\"color: #ff3300;\">Un g\u00eete id\u00e9al pour d\u00e9couvrir le centre Bretagne<\/span><\/h2>\n<p style=\"text-align: center;\">S\u00e9journer \u00e0 <strong>La Maison de Rolie<\/strong> permet de d\u00e9couvrir une Bretagne authentique, loin des grandes zones touristiques du littoral.<br \/>\n\u00c0 quelques minutes du g\u00eete, la ville de <strong>Carhaix-Plouguer<\/strong> propose commerces, restaurants et \u00e9v\u00e9nements culturels. La r\u00e9gion est \u00e9galement connue pour accueillir chaque ann\u00e9e le c\u00e9l\u00e8bre <strong>Festival des Vieilles Charrues<\/strong>, l\u2019un des plus grands festivals de musique en Europe.<\/p>\n<p style=\"text-align: center;\">Gr\u00e2ce \u00e0 sa situation centrale, ce g\u00eete est un excellent point de d\u00e9part pour visiter toute la Bretagne.<\/p>\n<h2 style=\"text-align: center;\"><span style=\"color: #ff3300;\">R\u00e9server votre g\u00eete en Bretagne<\/span><\/h2>\n<p style=\"text-align: center;\">En qu\u00eate de tranquillit\u00e9 pour vos vacances en Bretagne ?<\/p>\n<p style=\"text-align: center;\">La Maison de Rolie vous ouvre ses portes toute l&#8217;ann\u00e9e pour un s\u00e9jour ressour\u00e7ant au c\u0153ur de la nature.<\/p>\n<p style=\"text-align: center;\">Notre maison allie tout le confort n\u00e9cessaire \u00e0 une enti\u00e8re libert\u00e9 de d\u00e9couvrir le Centre Bretagne et ses tr\u00e9sors, \u00e0 deux pas des sites les plus embl\u00e9matiques.<\/p>\n<p style=\"text-align: center;\">Nous mettons chaque jour notre passion et notre exigence au service de votre bien-\u00eatre, pour faire de votre s\u00e9jour une exp\u00e9rience unique.<\/p>\n<p style=\"text-align: center;\">Contactez-nous pour v\u00e9rifier les disponibilit\u00e9s et commencer \u00e0 organiser vos prochaines vacances bretonnes !<\/p>\n<\/div>\n<\/div>\n<\/div>\n<\/div>\n<\/div>\n<div class=\"large no-line css-1oe1ndx\"><\/div>\n<div class=\"css-ygvukt\">\n<div id=\"sect11906909\" class=\"css-5ob8rq\">\n<div class=\"css-jbvua0\" data-testid=\"component-resolver.Html\">\n<div id=\"11906909\" class=\"css-1gtze8t\" data-testid=\"widgets.rich-text\">\n<div class=\"css-1hxy447\" data-testid=\"widgets.rich-text.content\"><\/div>\n<\/div>\n<\/div>\n<\/div>\n<div id=\"sect11906734\" class=\"css-udtbak\">\n<div class=\"css-jbvua0\" data-testid=\"component-resolver.Image\">\n<figure class=\"css-1f17kvv\" data-testid=\"responsive-image\">\n<div class=\"responsive-image-wrapper isPlaceholder css-m911x9\" data-testid=\"responsive-image-wrapper\">\n<img loading=\"lazy\" decoding=\"async\" class=\"image css-1w40tem aligncenter\" title=\"Image Title\" src=\"https:\/\/l.icdbcdn.com\/oh\/378e2144-3ead-496c-bbb4-4db0a65b655d.png?w=1040\" sizes=\"auto, (max-width: 320px) 320px, (max-width: 575px) 575px, (max-width: 768px) 768px, (max-width: 992px) 992px, (max-width: 1200px) 1200px, (max-width: 1920px) 1920px\" srcset=\"https:\/\/l.icdbcdn.com\/oh\/378e2144-3ead-496c-bbb4-4db0a65b655d.png?w=320 320w, https:\/\/l.icdbcdn.com\/oh\/378e2144-3ead-496c-bbb4-4db0a65b655d.png?w=575 575w, https:\/\/l.icdbcdn.com\/oh\/378e2144-3ead-496c-bbb4-4db0a65b655d.png?w=768 768w, https:\/\/l.icdbcdn.com\/oh\/378e2144-3ead-496c-bbb4-4db0a65b655d.png?w=992 992w, https:\/\/l.icdbcdn.com\/oh\/378e2144-3ead-496c-bbb4-4db0a65b655d.png?w=1200 1200w, https:\/\/l.icdbcdn.com\/oh\/378e2144-3ead-496c-bbb4-4db0a65b655d.png?w=1920 1920w\" alt=\"\" width=\"718\" height=\"227\" data-testid=\"responsive-image-img\" \/><\/p>\n<\/div>\n<\/figure>\n<\/div>\n<\/div>\n<div id=\"sect11906900\" class=\"css-1rlv0ws\">\n<div class=\"css-jbvua0\" data-testid=\"component-resolver.Html\">\n<div id=\"11906900\" class=\"css-1gtze8t\" data-testid=\"widgets.rich-text\">\n<div class=\"css-1hxy447\" data-testid=\"widgets.rich-text.content\"><\/div>\n<\/div>\n<\/div>\n<\/div>\n<\/div>\n<div class=\"large no-line css-1oe1ndx\"><\/div>\n<div class=\"css-ygvukt\">\n<div id=\"sect12507947\" class=\"css-jv51of\">\n<div class=\"css-jbvua0\" data-testid=\"component-resolver.Html\">\n<div id=\"12507947\" class=\"css-1gtze8t\" data-testid=\"widgets.rich-text\">\n<div class=\"css-1hxy447\" data-testid=\"widgets.rich-text.content\">\n<div class=\"Ks0Co css-1c375l0 eBtPw zfsFk\">\n<section id=\"015407f1-100b-443d-a7fb-fcf5083a0e9f\" class=\"oXRwe css-9s1hn\">\n<div class=\"plfvA\">\n<div class=\"dh9us\" data-testid=\"static-text-element\">\n<div class=\"css-p8z3b0 Rjf5Z\">\n<div>\n<h2 class=\"text-align-center\" style=\"text-align: center;\">R\u00e9server votre s\u00e9jour maintenant<\/h2>\n<h3 class=\"text-align-center\" style=\"text-align: center;\">\u00a0 \ud83d\udcc5 <strong>Disponibilit\u00e9s ?<\/strong><\/h3>\n<h3 class=\"text-align-center\" style=\"text-align: center;\"><a href=\"https:\/\/lamaisonderolie.com\/fr\/disponibilites\" target=\"_blank\" rel=\"noopener\">Cliquez ici pour voir le calendrier des disponibilit\u00e9s<\/a><\/h3>\n<\/div>\n<\/div>\n<\/div>\n<div class=\"ilvkj\">\n<div class=\"dh9us\" data-testid=\"static-text-element\">\n<div class=\"css-p8z3b0 Rjf5Z\">\n<div>\n<h3 class=\"text-align-center\" style=\"text-align: center;\"><\/h3>\n<h3 class=\"text-align-center\" style=\"text-align: center;\">\u00a0<strong>\ud83d\udcb0 Meilleur prix ?<\/strong><\/h3>\n<h3 class=\"text-align-center\" style=\"text-align: center;\"><strong>Contactez-nous directement !<\/strong><\/h3>\n<h4 class=\"text-align-center\" style=\"text-align: center;\"><strong>\u00a0Nous vous offrons un tarif avantageux et exclusif pour toute r\u00e9servation directe.<\/strong><\/h4>\n<\/div>\n<\/div>\n<\/div>\n<\/div>\n<\/div>\n<\/section>\n<\/div>\n<\/div>\n<\/div>\n<\/div>\n<\/div>\n<\/div>\n<div class=\"css-jbvua0\" data-testid=\"component-resolver.Footer\"><\/div>\n<\/div>\n<\/div>\n<\/div>\n<\/div>\n","protected":false},"excerpt":{"rendered":"<p>G\u00eete en Centre Bretagne proche Carhaix &#8211; La Maison de Rolie La Maison de Rolie Un g\u00eete confortable au c\u0153ur [&hellip;]<\/p>\n","protected":false},"author":1,"featured_media":0,"parent":0,"menu_order":0,"comment_status":"closed","ping_status":"closed","template":"","meta":{"_uag_custom_page_level_css":"","site-sidebar-layout":"no-sidebar","site-content-layout":"plain-container","ast-site-content-layout":"default","site-content-style":"default","site-sidebar-style":"default","ast-global-header-display":"","ast-banner-title-visibility":"","ast-main-header-display":"","ast-hfb-above-header-display":"","ast-hfb-below-header-display":"","ast-hfb-mobile-header-display":"","site-post-title":"","ast-breadcrumbs-content":"","ast-featured-img":"","footer-sml-layout":"","ast-disable-related-posts":"","theme-transparent-header-meta":"enabled","adv-header-id-meta":"","stick-header-meta":"","header-above-stick-meta":"","header-main-stick-meta":"","header-below-stick-meta":"","astra-migrate-meta-layouts":"default","ast-page-background-enabled":"default","ast-page-background-meta":{"desktop":{"background-color":"var(--ast-global-color-5)","background-image":"","background-repeat":"repeat","background-position":"center center","background-size":"auto","background-attachment":"scroll","background-type":"","background-media":"","overlay-type":"","overlay-color":"","overlay-opacity":"","overlay-gradient":""},"tablet":{"background-color":"","background-image":"","background-repeat":"repeat","background-position":"center center","background-size":"auto","background-attachment":"scroll","background-type":"","background-media":"","overlay-type":"","overlay-color":"","overlay-opacity":"","overlay-gradient":""},"mobile":{"background-color":"","background-image":"","background-repeat":"repeat","background-position":"center center","background-size":"auto","background-attachment":"scroll","background-type":"","background-media":"","overlay-type":"","overlay-color":"","overlay-opacity":"","overlay-gradient":""}},"ast-content-background-meta":{"desktop":{"background-color":"var(--ast-global-color-4)","background-image":"","background-repeat":"repeat","background-position":"center center","background-size":"auto","background-attachment":"scroll","background-type":"","background-media":"","overlay-type":"","overlay-color":"","overlay-opacity":"","overlay-gradient":""},"tablet":{"background-color":"var(--ast-global-color-4)","background-image":"","background-repeat":"repeat","background-position":"center center","background-size":"auto","background-attachment":"scroll","background-type":"","background-media":"","overlay-type":"","overlay-color":"","overlay-opacity":"","overlay-gradient":""},"mobile":{"background-color":"var(--ast-global-color-4)","background-image":"","background-repeat":"repeat","background-position":"center center","background-size":"auto","background-attachment":"scroll","background-type":"","background-media":"","overlay-type":"","overlay-color":"","overlay-opacity":"","overlay-gradient":""}},"footnotes":""},"class_list":["post-16","page","type-page","status-publish","hentry"],"uagb_featured_image_src":{"full":false,"thumbnail":false,"medium":false,"medium_large":false,"large":false,"1536x1536":false,"2048x2048":false},"uagb_author_info":{"display_name":"admin4080","author_link":"https:\/\/maisonderolie.fr\/index.php\/author\/admin4080\/"},"uagb_comment_info":0,"uagb_excerpt":"G\u00eete en Centre Bretagne proche Carhaix &#8211; La Maison de Rolie La Maison de Rolie Un g\u00eete confortable au c\u0153ur [&hellip;]","_links":{"self":[{"href":"https:\/\/maisonderolie.fr\/index.php\/wp-json\/wp\/v2\/pages\/16","targetHints":{"allow":["GET"]}}],"collection":[{"href":"https:\/\/maisonderolie.fr\/index.php\/wp-json\/wp\/v2\/pages"}],"about":[{"href":"https:\/\/maisonderolie.fr\/index.php\/wp-json\/wp\/v2\/types\/page"}],"author":[{"embeddable":true,"href":"https:\/\/maisonderolie.fr\/index.php\/wp-json\/wp\/v2\/users\/1"}],"replies":[{"embeddable":true,"href":"https:\/\/maisonderolie.fr\/index.php\/wp-json\/wp\/v2\/comments?post=16"}],"version-history":[{"count":7,"href":"https:\/\/maisonderolie.fr\/index.php\/wp-json\/wp\/v2\/pages\/16\/revisions"}],"predecessor-version":[{"id":105,"href":"https:\/\/maisonderolie.fr\/index.php\/wp-json\/wp\/v2\/pages\/16\/revisions\/105"}],"wp:attachment":[{"href":"https:\/\/maisonderolie.fr\/index.php\/wp-json\/wp\/v2\/media?parent=16"}],"curies":[{"name":"wp","href":"https:\/\/api.w.org\/{rel}","templated":true}]}}